{"id":5065,"date":"2019-11-05T17:08:48","date_gmt":"2019-11-05T15:08:48","guid":{"rendered":"http:\/\/www.karikari.fi\/?page_id=5065"},"modified":"2019-11-07T21:07:43","modified_gmt":"2019-11-07T19:07:43","slug":"17-totuus","status":"publish","type":"page","link":"https:\/\/www.karikari.fi\/?page_id=5065","title":{"rendered":"17. Totuus"},"content":{"rendered":"\n<p>\nLentovuoroni j\u00e4lkeen en pystynyt\nmenem\u00e4\u00e4n nukkumaan, vaan halusin odottaa S\u00e4\u00e4ti\u00f6n paljastusta,\nmik\u00e4 se sitten olisikin. Menin tapojeni vastaisesti miehist\u00f6n\nyhteistilaan. Siell\u00e4 ei vaikuttanut olevan mitenk\u00e4\u00e4n erityinen tai\nj\u00e4nnittynyt tunnelma, vaan kaikki oli aivan tavallista. Joku oli\nkiinnitt\u00e4nyt sein\u00e4lle paperijulisteen Avaruuskoalition\nalkuvuosilta, typografia oli hellyytt\u00e4v\u00e4n vanhanaikaista. Kiersin\nshakkia pelaavan parin ja \u00e4\u00e4nekk\u00e4\u00e4sti \u00e4lylaitteilta videoita\nkatsovan porukan ja siirryin l\u00e4hemm\u00e4s yleist\u00e4 holon\u00e4ytt\u00f6\u00e4. \n<\/p>\n\n\n\n<p> N\u00e4yt\u00f6ll\u00e4 py\u00f6ri jokin uutiskanava, jonka kuva k\u00e4sitteli tavanomaisia p\u00e4iv\u00e4n aiheita ymp\u00e4ri maailmaa. Yksi toistuvista p\u00e4tkist\u00e4 oli jatkuva kiista globaalista turismista ja sopivista v\u00e4kim\u00e4\u00e4rist\u00e4 eri n\u00e4ht\u00e4vyyksill\u00e4, toinen uutinen k\u00e4sitteli muoviesineiden sallimista uudelleen kuluttajamarkkinoille. Kolmannessa jutussa esiteltiin jotain uusista valmistuvista avaruusasemista ja kerrottiin hausta sen ensimm\u00e4isiksi asukkaiksi. Asema n\u00e4ytti viel\u00e4 melko keskener\u00e4iselt\u00e4, Kleiolta tutut istutukset puuttuivat kokonaan.<\/p>\n\n\n\n<p>\nMietin, alkaisiko S\u00e4\u00e4ti\u00f6n\nilmoitus jollain dramaattisella musiikilla. H\u00e4iri\u00f6\u00e4\u00e4nill\u00e4? Vai\njollain ihan muulla. Kenties ne olisivat valjastaneet jonkin\njulkkiksen asiaansa edist\u00e4m\u00e4\u00e4n. Yritin pohtia, kenet. Tunsin\njulkkiksia melko huonosti, Joshin kuuntelemista b\u00e4ndeist\u00e4 en\ntunnistanut oikeastaan yht\u00e4k\u00e4\u00e4n. Muistin l\u00e4hinn\u00e4 Linnin\nfanittamat koreapojat, mutta ne olivat kaikki virtuaalisia.<\/p>\n\n\n\n<p> Linn ja Thea saapuivat paikalle v\u00e4h\u00e4n j\u00e4lkeeni, ja istuivat samaan p\u00f6yt\u00e4\u00e4n. Thealla oli mukanaan jokin kirja &#8211; vanhanaikainen, painettu sellainen. Taisin n\u00e4ytt\u00e4\u00e4 tavallistakin kurjemmalta, sill\u00e4 Linn kohotteli kulmiaan.<\/p>\n\n\n\n<p>\n\u201dMit\u00e4s nyt? N\u00e4yt\u00e4t ilmeen\nperusteella suunnilleen silt\u00e4, ett\u00e4 olet l\u00e4hd\u00f6ss\u00e4 johonkin\nmurharetkelle.\u201d<\/p>\n\n\n\n<p>\n\u201dSe on mun normaali naama vain.\u201d<\/p>\n\n\n\n<p>\n\u201dKyll\u00e4 m\u00e4 tied\u00e4n milt\u00e4 s\u00e4\nyleens\u00e4 n\u00e4yt\u00e4t, nyt vaan n\u00e4yt\u00e4t silt\u00e4 potenssiin n.\u201d Linn\nkohautti harteitaan, koska en selv\u00e4stik\u00e4\u00e4n ollut valmis kertomaan\nhuolestani sen enemp\u00e4\u00e4.<\/p>\n\n\n\n<p>\n\u201dJuuri kun istuin alas\u2026 j\u00e4i\njuomat hakematta.\u201d<\/p>\n\n\n\n<p>\nLinn ponkaisi takaisin yl\u00f6s, k\u00e4vi\nnurkan ylihintaisella automaatilla ja palasi kolmen kaakaomukin\nkanssa.<\/p>\n\n\n\n<p>\n\u201dMinun piikkiini, maksakaa joskus\njuomat, niin ollaan tasoissa.\u201d Linn hymyili ja ojensi mukit meille.<\/p>\n\n\n\n<p> Asetin kannellisen kaakaomukin p\u00f6yd\u00e4ss\u00e4 olevaan sille varattuun koloon. Muki h\u00f6yrysi kannen juontiaukosta. Satunnaiskuvioita ilmassa, v\u00e4h\u00e4n kuin k\u00e4sill\u00e4 oleva makrotason ilmi\u00f6 mediassa ja politiikassa.<\/p>\n\n\n\n<p> Ehk\u00e4 kaikki panikoivat liikoja, ja mit\u00e4\u00e4n ihmeellist\u00e4 ja j\u00e4risytt\u00e4v\u00e4\u00e4 ei oikeasti tapahtuisi. Palaisin kouluun, valmistuisin, ja kaikki olisi sellaista kuin olin suunnilleen kuvitellutkin. Ei mit\u00e4\u00e4n h\u00e4m\u00e4ryyksi\u00e4 ja kummallisuuksia. Olin jo suunnilleen saanut itseni uskomaan, ett\u00e4 tasainen arki palaisi ja jatkuisi.<\/p>\n\n\n\n<p> Uutisvirran j\u00e4lkeen ruutuun ilmestyi kuvio, joka muistutti Joshin aikoinaan Sigridilt\u00e4 urkkimaa pohjapiirustusta. Juontaja ilmoitti, ett\u00e4 heill\u00e4 oli t\u00e4lle illalle ennakkoon mainostamaton osuus, joka sis\u00e4lt\u00e4isi ennenkuulumatonta tietoa.<\/p>\n\n\n\n<p>\nVoi ei, sielt\u00e4 se oli sitten\ntulossa. Kamera siirtyi kuvaamaan jonkinlaista salia \u2013 kalusteet\nolivat vanhoja ja puisia, takana oli useita lippuja. Riviss\u00e4 p\u00f6n\u00f6tti\npuvuissa melkoinen m\u00e4\u00e4r\u00e4 t\u00e4rkeit\u00e4 henkil\u00f6it\u00e4, tunnistin\nmuutaman poliitikon. Takana oli viel\u00e4 enemm\u00e4n ihmisi\u00e4 lehtereill\u00e4.<\/p>\n\n\n\n<p>\nLinn tapitti videota. \u201dMit\u00e4h\u00e4n\nnyt, vannoin ett\u00e4 tuolla oli vilaukselta is\u00e4. Seh\u00e4n sanoi\nj\u00e4tt\u00e4v\u00e4ns\u00e4 politiikan.\u201d<\/p>\n\n\n\n<p>\nKaverini tuijotuksessa oli jotain,\nmik\u00e4 soitti varoituskelloja p\u00e4\u00e4ss\u00e4ni. Linn meni harvoin\nliikkumattomaksi ja eleett\u00f6m\u00e4ksi, nyt t\u00e4m\u00e4 tuijotti holon\u00e4ytt\u00f6\u00e4\nt\u00e4ysin hiljaa.<\/p>\n\n\n\n<p>\n\u201dEhk\u00e4 n\u00e4it, mit\u00e4 halusit\nn\u00e4hd\u00e4\u201d, Thea sanoi.<\/p>\n\n\n\n<p>\n\u201dOdota vaan mit\u00e4 aihe koskee&#8230;\u201d\nmutisin.<\/p>\n\n\n\n<p>\n\u201dTuo koko p\u00e4tk\u00e4 alkoi S\u00e4\u00e4ti\u00f6n\nsymbolilla.\u201d Thea tuijotti meihin molempiin.<\/p>\n\n\n\n<p>\n\u201dTe ette nyt hirve\u00e4sti auta t\u00e4ss\u00e4\nsympatiassa. Toivottavasti se oli joku ihan muu kuin is\u00e4\u201d, Linn\nsanoi.<\/p>\n\n\n\n<p>\nHiljenimme, kun puhujankorokkeella\nollut tyyppi alkoi puhua. Puheen alkuosa oli mahtipontista\nsanahelin\u00e4\u00e4, jossa korostettiin yhtein\u00e4isyytt\u00e4, ihmiskunnan kyky\u00e4\ntutkia ja l\u00f6yt\u00e4\u00e4 uusia asuinsijoja, sek\u00e4 yleist\u00e4 historiaa.\nKyll\u00e4styin, puheet olivat tylsi\u00e4 eiv\u00e4tk\u00e4 jaksaneet pit\u00e4\u00e4\nmielenkiintoani yll\u00e4 kovin pitk\u00e4\u00e4n. \n<\/p>\n\n\n\n<p>\nSitten puhuva, jo harmaantunut mies\ntiputti sen varsinaisen asiansa.<\/p>\n\n\n\n<p>\n\u201dNiinp\u00e4 meid\u00e4n S\u00e4\u00e4ti\u00f6n\nn\u00e4k\u00f6kulmasta on jo aika, ett\u00e4 Avaruuskoalitio luopuu n\u00e4enn\u00e4isen\ntutkimuslaivaston imagostaan ja siirtyy t\u00e4h\u00e4n todellisuuteen, jossa\navaruussiirtokunnat jo el\u00e4v\u00e4t.\u201d Mies piti dramaattisen tauon ja\nkatsoi suoraan kameraan.<\/p>\n\n\n\n<p>\n\u201dMeid\u00e4n on aika puolustaa\nitse\u00e4mme sek\u00e4 nykyisi\u00e4 ett\u00e4 tulevia uhkia vastaan. Min\u00e4 eik\u00e4\nmonikaan avaruusaluksille lapsiaan l\u00e4hett\u00e4nyt vanhempi nuku\nkunnolla, kun tied\u00e4mme, ett\u00e4 aluksilla ja avaruusasemilla ei ole\nmink\u00e4\u00e4nlaista turvaa rikollisia, uhkia ja mahdollisia muita\nvihamielisi\u00e4 sivilisaatioita vastaan. On aika, ett\u00e4 aluksemme\naseistetaan ja avaruuteen perustetaan kunnollinen aseellinen\npuolustus, joka karkoittaa ja est\u00e4\u00e4 n\u00e4iden uhkien muodostumisen.\u201d<\/p>\n\n\n\n<p>\nYleis\u00f6 puhkesi aplodeihin\nseisaaltaan, ja kanava kehtasi viel\u00e4 soittaa p\u00e4\u00e4lle\nAvaruuskoalition tunnuskappaleen kuoroversiona.<\/p>\n\n\n\n<p> Linnin silm\u00e4t seurasivat holoprojektiota ep\u00e4uskoisen n\u00e4k\u00f6isen\u00e4.<\/p>\n\n\n\n<p>\n\u201dSiis ne haluvat aseistaa kaikki\navaruusalukset? Ket\u00e4 vastaan? Ei avaruudessa ole ket\u00e4\u00e4n, jota\nvastaan sotia \u2013 siell\u00e4 on vain Avaruuskoalitio!\u201d<\/p>\n\n\n\n<p>\n\u201dJa pieni\u00e4 vihreit\u00e4 miehi\u00e4, \u00e4l\u00e4\nunohda\u201d, kuittasin.<\/p>\n\n\n\n<p>\n\u201dOli.\u201d Linn vilkaisi Theaan,\njoka oli pimennossa t\u00e4st\u00e4 osasta salaisuutta, vaikka S\u00e4\u00e4ti\u00f6n\ntiesikin. \u201dTai siis, vaikka olisi, niin, se on t\u00e4ysin teoreettista\nhumpuukia.\u201d<\/p>\n\n\n\n<p>\nThea joi kaakaotaan tyynesti, kuin\nuutisissa olisi kerrottu s\u00e4\u00e4st\u00e4 ja kadonneista lemmikeist\u00e4.<\/p>\n\n\n\n<p> \u201d\u00c4lk\u00e4\u00e4 olko naiiveja. Eiv\u00e4t ne oikeasti mihink\u00e4\u00e4n avaruuskaappareihin ja ufoihin usko. Ne aikovat lopulta pist\u00e4\u00e4 pystyyn sis\u00e4isen kapinan. Paljon helpompaa, jos avaruusalukset ja -asemat on aseistettu jo valmiiksi, eik\u00e4 tarvitse hoitaa sit\u00e4 puolta salassa. Avaruuskoalitio vastaan S\u00e4\u00e4ti\u00f6, tai Maan viralliset tahot vastaan avaruusasemat. Miten vaan.\u201d Thea hymyili sarkastisesti.<\/p>\n\n\n\n<p>\n\u201dMutta\u2026 seh\u00e4n on ihan tyhm\u00e4\u00e4.\nAlusten ajoaineen suihkua voisi k\u00e4ytt\u00e4\u00e4 aseena. Tai mit\u00e4 tahansa\nkineettist\u00e4 kappaletta matkavauhdissa, heitt\u00e4\u00e4 sen vaan\ntakaikkunasta ulos ja siin\u00e4 on ase, joka menee mist\u00e4 vain\navaruusaluksen kuoresta heitt\u00e4m\u00e4ll\u00e4 l\u00e4pi\u201d, vetosin.<\/p>\n\n\n\n<p> \u201dYhdess\u00e4k\u00e4\u00e4n avaruusaluksessa ei ole mit\u00e4\u00e4n takaikkunaa.\u201d Thean hymy pysyi.<\/p>\n\n\n\n<p>\n\u201dSe oli liioittelua tai kielikuva.\nSe ei poista sit\u00e4, ett\u00e4 olen oikeassa.\u201d<\/p>\n\n\n\n<p> Minulla ei varsinaisesti ollut vaikeuksia uskoa S\u00e4\u00e4ti\u00f6n tavoitetta, tai Thean aavistelemaa S\u00e4\u00e4ti\u00f6n tavoitetta. Se sai oikeastaan kaiken vaikuttamaan v\u00e4h\u00e4n loogisemmalta: miksi n\u00e4it\u00e4 kiinnosti artefakti, miksi Sigrid oli leikkinyt pulssiaseensa kanssa ja miksi Reed kiinnosti koko porukkaa niin kovasti. S\u00e4\u00e4ti\u00f6 halusi etuly\u00f6ntiaseman mahdolliseen avaruuden aseelliseen konfliktiin jo l\u00e4ht\u00f6ruudussa. Tai ehk\u00e4 S\u00e4\u00e4ti\u00f6 halusi kehitt\u00e4\u00e4 koko konfliktin itse.<\/p>\n\n\n\n<p> \u201dMinusta tuo kuulostaa silt\u00e4, ett\u00e4 viesti\u00e4 ei ole niink\u00e4\u00e4n tarkoitettu kenellek\u00e4\u00e4n, joka tuntee avaruusalukset ja niiden maailman l\u00e4pikotaisin. Tuohan on pelkk\u00e4\u00e4 vastakkainasettelua, joka on kytenyt pinnan alla jo pidemp\u00e4\u00e4n. Ja ihan rehellisesti, se miten Avaruuskoalitio salailee ja haluaa pit\u00e4\u00e4 monopolin avaruusteknologiasta, ei mitenk\u00e4\u00e4n auta tavallisten pulliaisten n\u00e4k\u00f6kulmasta.\u201d Linn elehti taas k\u00e4sill\u00e4\u00e4n puhuessaan, hyv\u00e4.<\/p>\n\n\n\n<p>\n\u201dSe saa kaiken vaikuttamaan\nmystiselt\u00e4 mutta my\u00f6s v\u00e4h\u00e4n silt\u00e4, ett\u00e4 t\u00e4ss\u00e4 on oikeasti\njotain salattavaa ja ep\u00e4ilytt\u00e4v\u00e4\u00e4\u201d, heitin takaisin.<\/p>\n\n\n\n<p>\n\u201dJuurikin niin, ja en yht\u00e4\u00e4n\nyll\u00e4ttyisi, vaikka S\u00e4\u00e4ti\u00f6 aikoisi k\u00e4ytt\u00e4\u00e4 juuri sit\u00e4. Ensin\naiheutetaan h\u00e4mminki\u00e4 ja hajaannusta ja sen varjolla pyrit\u00e4\u00e4n\ntavoitteeseen. Mit\u00e4 v\u00e4hemm\u00e4n faktoja tavalliset ihmiset tiet\u00e4v\u00e4t,\nsit\u00e4 helpompi on levitt\u00e4\u00e4 omaa sanomaa.\u201d Thea sai kaakaonsa\njuotua.<\/p>\n\n\n\n<p>\nSill\u00e4 aikaa kun olimme jutelleet,\nmuu vapaa-ajan tila oli hiljennyt ja moni tuntui naputtavan\n\u00e4lylaitettaan. Muutamassa p\u00f6yd\u00e4ss\u00e4 v\u00e4iteltiin ep\u00e4uskoisesti\nv\u00e4h\u00e4n samalla tavalla kuin me kolme. En oikeastaan halunnut olla\npaikalla sen pidemp\u00e4\u00e4n.<\/p>\n\n\n\n<p>\nTuntui, ett\u00e4 moni vilkuili\nvaivihkaa meid\u00e4n pilottien p\u00f6yt\u00e4\u00e4n, ihan kuin meill\u00e4 olisi\nvarastossa jotain salaisia megaohjuksia, joista muille ei kerrottu\nmit\u00e4\u00e4n. Tai ehk\u00e4 ne ajattelivat, ett\u00e4 olimme S\u00e4\u00e4ti\u00f6n puolella\njo valmiiksi.<\/p>\n\n\n\n<p>\nP\u00e4\u00e4tin menn\u00e4 takaisin hyttiin\npohtimaan koko sotkua. Meill\u00e4 ei ollut muutenkaan en\u00e4\u00e4 pitk\u00e4\nmatka Reedin m\u00e4\u00e4r\u00e4np\u00e4\u00e4h\u00e4n, korkeintaan puoli p\u00e4iv\u00e4\u00e4. Jos\nvastassa olisi S\u00e4\u00e4ti\u00f6n aseistettu alus, olisimme mennytt\u00e4. Se\nolisi kyll\u00e4 \u00e4\u00e4rimm\u00e4isen ep\u00e4todenn\u00e4k\u00f6ist\u00e4 \u2013 ei niill\u00e4\nvoinut olla omia aluksia, mist\u00e4\u00e4n aseista puhumattakaan. Miss\u00e4 ne\naseet ylip\u00e4\u00e4t\u00e4\u00e4n olisi valmistettu? Avaruudessa ei ollut mit\u00e4\u00e4n\nasetehtaita, ainakaan niin pitk\u00e4lle kuin min\u00e4 tiesin.<\/p>\n\n\n\n<p>\nLinn nousi per\u00e4\u00e4ni ja otti\nmuutaman juoksuaskeleen. Heti vapaa-ajan tilan oven suljettua\nsihahduksella, t\u00e4m\u00e4 pys\u00e4ytti minut k\u00e4yt\u00e4v\u00e4\u00e4n. Maitovalaan\nk\u00e4yt\u00e4v\u00e4 oli todella huono keskustelupaikka, se oli metrin leve\u00e4\nleveimm\u00e4st\u00e4kin kohdasta. Linnill\u00e4 taisi olla kiire tai t\u00e4m\u00e4 oli\nedelleen pois tolaltaan.<\/p>\n\n\n\n<p>\n\u201dS\u00e4 olet ainoa, joka on joskus\nn\u00e4hnyt is\u00e4n. Oliko se mun is\u00e4? Emmerie?\u201d<\/p>\n\n\n\n<p>\n\u201dSiit\u00e4 on niin kauan, ett\u00e4 mun\non aivan mahdoton sanoa varmasti.\u201d<\/p>\n\n\n\n<p> \u201dAhdistaa.\u201d Linn nojasi k\u00e4yt\u00e4v\u00e4n sein\u00e4\u00e4n varoen sein\u00e4n kaidetta ja antoi k\u00e4sien laskeutua toimettomina sivuilleen.<\/p>\n\n\n\n<p>\n\u201dYmm\u00e4rr\u00e4n, ei kukaan halua\ntiet\u00e4\u00e4, ett\u00e4 oma is\u00e4 on ehk\u00e4 v\u00e4\u00e4rien puolella.\u201d<\/p>\n\n\n\n<p>\n\u201dEn ole hirve\u00e4sti ollut\nyhteydess\u00e4 sen j\u00e4lkeen, kun is\u00e4 muutti sinne Kanadaan. Saan\nsyntym\u00e4p\u00e4ivin\u00e4 onnitteluviestin, joskus jotain muita juttuja.\u201d<\/p>\n\n\n\n<p>\n\u201dOnko sun is\u00e4 niit\u00e4, jotka\nvastaa joka viestiin ok?\u201d Naurahdin.<\/p>\n\n\n\n<p>\n\u201dOn se v\u00e4h\u00e4n joo. Ehk\u00e4 olisi\npit\u00e4nyt soittaa. Puhua pidemmin. Kysy\u00e4 juttuja oikeasti.\u201d Linn\ntuijotti jonnekin ohitseni.<\/p>\n\n\n\n<p>\nAivoissani raksutti todella\nkiivaasti. Yritin saada kiinni ajatuksen haituvasta, joka ei ollut\nihan viel\u00e4 muotoutunut kokonaiseksi teoriaksi. T\u00e4ss\u00e4 oli jotain,\nmik\u00e4 h\u00e4iritsi minua.<\/p>\n\n\n\n<p>\n\u201dLinn.\u201d<\/p>\n\n\n\n<p>\n\u201dNo?\u201d<\/p>\n\n\n\n<p>\n\u201dMit\u00e4 jos sun is\u00e4 lavastettiin.\nIhan kuin me ja kapteeni Heike. Paitsi ett\u00e4\u2026 sun is\u00e4n lavasti\nhyvikset. Ei-s\u00e4\u00e4ti\u00f6l\u00e4iset. Esimerkiksi Joshin mummi ja kumppanit.\nJos ne tiesi jo, ett\u00e4 sun is\u00e4 on S\u00e4\u00e4ti\u00f6ss\u00e4, ja halusi pelata\nsen ulos poliittisesta pelist\u00e4 sen takia. Sen korruptioskandaalin\naikaan jo. Ne keksi sen.\u201d<\/p>\n\n\n\n<p>\nAloin tulla melko p\u00e4tev\u00e4ksi\nkeksim\u00e4\u00e4n salaliittoteorioita. Kenties seura vaikutti tilanteeseen,\ntai kokemus opetti pakosta. Olihan meid\u00e4t heitetty syv\u00e4\u00e4n p\u00e4\u00e4h\u00e4n,\nnyt oli pakko opetella uimaan.<\/p>\n\n\n\n<p>\n\u201dEik\u00e4. Tai\u2026 joo. On se\nmahdollista.\u201d Linn siirsi katseensa taas minuun ja tapitti\nr\u00e4pytt\u00e4m\u00e4tt\u00e4.<\/p>\n\n\n\n<p>\n\u201dSe selitt\u00e4isi my\u00f6s sen, miksi\nJoshin mummi pit\u00e4\u00e4 sua kaikesta huolimatta luotettavana kaikille\nsalaisille teht\u00e4villekin. Pid\u00e4 liittolaiset l\u00e4hell\u00e4 ja viholliset\nviel\u00e4 l\u00e4hemp\u00e4n\u00e4. Tai ainakin niiden tytt\u00e4ret.\u201d<\/p>\n\n\n\n<p>\n\u201dAika raadollista. Ihmisten el\u00e4m\u00e4t\npelinappuloina tosta vaan.\u201d<\/p>\n\n\n\n<p>\n\u201dSiit\u00e4h\u00e4n politiikassa on kyse,\neik\u00f6s?\u201d<\/p>\n\n\n\n<p>\n\u201dJoo kai.\u201d<\/p>\n\n\n\n<p> Linn vaikutti silt\u00e4, ett\u00e4 t\u00e4m\u00e4n teki mieli itke\u00e4, mutta kyyneleet eiv\u00e4t ihan tulleet. Varovasti otin ensin Linni\u00e4 kiinni olkap\u00e4\u00e4st\u00e4. Sitten rohkaistuin ja p\u00e4\u00e4tin halata. Linn h\u00e4mm\u00e4styi, mutta halasi takaisin.<\/p>\n\n\n\n<p>\n\u201dKiitos. Kyll\u00e4 t\u00e4\u00e4 t\u00e4st\u00e4. On\nse mun is\u00e4 joka tapauksessa, oli miten v\u00e4\u00e4r\u00e4\u00e4 mielt\u00e4 tahansa.\u201d<\/p>\n\n\n\n<p>\n\u201dKyll\u00e4 se siit\u00e4. Mekin ollaan\nviisaampia heti, kun p\u00e4\u00e4st\u00e4\u00e4n sinne Meletelle.\u201d<\/p>\n\n\n\n<p>\nKulman takaa porhalsi kapteeni\nHeike, joka pys\u00e4htyi kohdallemme. Viitta heilahti, kun Heike\npys\u00e4htyi l\u00e4hes yliluonnollisen nopeasti kannoilleen.<\/p>\n\n\n\n<p>\n\u201dJuuri ne henkil\u00f6t, joita olin\netsim\u00e4ss\u00e4.\u201d<\/p>\n\n\n\n<p>\n\u201dKyll\u00e4 meille olisi voinut ihan\nvaan laittaa kutsunkin\u201d, sanoin.<\/p>\n\n\n\n<p>\n\u201dToki. Aivan. Toimin kiireess\u00e4.\nTavataan ohjaamossa.\u201d<\/p>\n\n\n\n<p>\nHeike porhalsi k\u00e4yt\u00e4v\u00e4\u00e4\neteenp\u00e4in ja katosi nurkan taakse. Kohautin olkiani Linnille.<\/p>\n\n\n\n<p>\n\u201dHeikenkin seuraava siirto muuttuu\nhankalammaksi, koska S\u00e4\u00e4ti\u00f6 on nyt ilmeisen tosissaan\u201d, sanoin.<\/p>\n\n\n\n<p>\n\u201dNiin tietysti. Onpa mutkikasta.\u201d<\/p>\n\n\n\n<p>\nJulkisesti k\u00e4yt\u00e4v\u00e4ss\u00e4 ei\nviitsinyt jutella sen enemp\u00e4\u00e4, vaan h\u00f6lkk\u00e4simme kohti ohjaamoa,\njoka oli hyvinkin l\u00e4hell\u00e4. Onneksi avaruusalusten sis\u00e4tilat olivat\nniin pieni\u00e4. \n<\/p>\n\n\n\n<p>\nPys\u00e4hdyin tutun n\u00e4k\u00f6isen oven\neteen ja n\u00e4ytin sille k\u00e4mment\u00e4ni. Ovi liukui syrj\u00e4\u00e4n, toistin\neleen v\u00e4litilassa ja r\u00e4psytin silmi\u00e4ni tottuessani ohjaamon\nh\u00e4m\u00e4ryyteen.<\/p>\n\n\n\n<p> Tilanne oli melkein kuin toisinto palaveristamme aiemmin, paitsi ett\u00e4 paikalla oli nyt my\u00f6s Reed. T\u00e4m\u00e4 oli l\u00f6yt\u00e4nyt jostain mustan hupparin, jonka huppuun piiloutuessaan poika n\u00e4ytti mahdollisesti viel\u00e4kin m\u00f6k\u00f6tt\u00e4v\u00e4mm\u00e4lt\u00e4 perusteinilt\u00e4 kuin ennen. Hyv\u00e4 kun poika n\u00e4kyi ollenkaan ohjaamon valaistuksessa.<\/p>\n\n\n\n<p>\nOli hiukan huvittavaa, ett\u00e4 oli\ntaas Joshin lentovuoro. Laskin nopeasti p\u00e4\u00e4ss\u00e4ni, ja h\u00e4tk\u00e4hdin\nhoksatessani, ett\u00e4 minun pit\u00e4isi lent\u00e4\u00e4 meid\u00e4t Meletelle. Mit\u00e4\nsill\u00e4 avaruusasemalla ikin\u00e4 meit\u00e4 odottaisikaan. \n<\/p>\n\n\n\n<p>\nMielikuvitukseni k\u00e4vi vakaasti\nylikierroksilla ja kuvittelin hetken Sigridin T\u00e4htilaivasto-elokuvien\nkaltaisia avaruustaisteluita, joissa huutaisimme eeppisesti\nvastustajan nime\u00e4 ja kaikkialla r\u00e4j\u00e4htelisi. Sen perusteella mit\u00e4\nymm\u00e4rsin fysiikasta, oikeita avaruustaisteluita ei kyll\u00e4 k\u00e4yt\u00e4isi\nihan niin. Tietysti aihe oli t\u00e4ysin teoreettinen. Avaruudessa ei\nollut koskaan sodittu.<\/p>\n\n\n\n<p>\nMitk\u00e4\u00e4n yhden hengen\nh\u00e4vitt\u00e4j\u00e4alukset olivat mahdottoman ep\u00e4k\u00e4tevi\u00e4, eik\u00e4 sellaisia\nollut olemassa. Pikemminkin S\u00e4\u00e4ti\u00f6 ampuisi meid\u00e4t tohjoksi\nmiljoonien kilometrien p\u00e4\u00e4st\u00e4 ilman, ett\u00e4 ikin\u00e4 ehtisimme edes\nymm\u00e4rt\u00e4\u00e4, mik\u00e4 meihin osui. \n<\/p>\n\n\n\n<p>\nIstuin lattialle, koska Heike\nviittil\u00f6i k\u00e4rsim\u00e4tt\u00f6m\u00e4n\u00e4 asettumaan jonnekin. Ottaen huomioon\nmiten usein l\u00f6ysin itseni ohjaamon lattialta, oli jopa hassua, ettei\nsiell\u00e4 ollut mit\u00e4\u00e4n penkkej\u00e4 vieraille tai muille. Olikohan se\ntarkoituksellista?<\/p>\n\n\n\n<p>\n\u201dHyv\u00e4, voidaankin menn\u00e4 suoraan\nasiaan. Kaikki n\u00e4kiv\u00e4t sen \u00e4skeisen p\u00e4tk\u00e4n?\u201d Heike antoi\nkatseensa kiert\u00e4\u00e4 ohjaamossa. Se oli v\u00e4h\u00e4n turhan pieni tila\nkuudelle ihmiselle, jouduin istumaan l\u00e4hemp\u00e4n\u00e4 muita kuin olisin\nhalunnut.<\/p>\n\n\n\n<p>\nKukaan ei sanonut mit\u00e4\u00e4n, vaan\njokainen tuijotteli jonnekin yritt\u00e4en olla kohtaamasta kenenk\u00e4\u00e4n\nmuun katsetta. Ei minullakaan ollut mit\u00e4\u00e4n viisasta sanottavaa.\nL\u00e4hip\u00e4iv\u00e4t n\u00e4ytt\u00e4isiv\u00e4t, miten S\u00e4\u00e4ti\u00f6n viesti otettaisiin\nvastaan v\u00e4est\u00f6ss\u00e4 yleisesti. Media tietysti yritt\u00e4isi siivota\npahimmat kulmat, en uskonut koko globaalin median olevan kokonaan\nS\u00e4\u00e4ti\u00f6n hallussa, se olisi jo liian ep\u00e4todenn\u00e4k\u00f6ist\u00e4.<\/p>\n\n\n\n<p>\n\u201dMuutetaanko suunnitelmaa?\u201d Josh\nrikkoi hiljaisuuden ja avasi taas n\u00e4yt\u00f6lle molemmat vaihtoehtoiset\nreitit.<\/p>\n\n\n\n<p>\n\u201dOn aina mahdollista valita my\u00f6s\njotain aivan muuta. Joku kolmas vaihtoehto\u201d, Linn sanoi.<\/p>\n\n\n\n<p>\n\u201dYhden aluksen voimin ei voi\nperustaa mit\u00e4\u00e4n omaa faktiota t\u00e4h\u00e4n sotkuun. Sit\u00e4 paitsi meill\u00e4\non vastuu miehist\u00f6st\u00e4\u201d, sanoin.<\/p>\n\n\n\n<p>\n\u201dJos vaan menn\u00e4\u00e4n sinne\nMeletelle. Syteen tai saveen. Sitten tiedet\u00e4\u00e4n, mik\u00e4 siell\u00e4\nodottaa\u201d, Josh kuittasi.<\/p>\n\n\n\n<p>\n\u201dEi kai se ole S\u00e4\u00e4ti\u00f6n hallussa\nolevaa aluetta?\u201d Thea kysyi.<\/p>\n\n\n\n<p> \u201dEi.&#8221; Heike venytteli ja tuijotti hetken kattoon. \u201dSiksi se alun perin valittiinkin paikaksi tuoda Reed julkisuuteen ja pit\u00e4\u00e4 tiedotustilaisuus. T\u00e4t\u00e4h\u00e4n me kai halusimme, S\u00e4\u00e4ti\u00f6n paljastavan korttinsa. Osa uumoili juuri jotain t\u00e4llaista. Mutta\u2026 ehk\u00e4 itse toivoin, ett\u00e4 olisi ollut kyse jostain muusta kuitenkin.\u201d<\/p>\n\n\n\n<p>\n\u201dEn hakenut Taivasopistoon, jotta\np\u00e4\u00e4sisin ampumaan tyyppej\u00e4 taivaalta. Jos se kiinnostaisi, olisin\npyrkinyt ihan eri kouluun\u201d, sanoin.<\/p>\n\n\n\n<p>\n\u201dEik\u00f6h\u00e4n me kaikki. Menn\u00e4\u00e4n\nsinne Meletelle. Ollaan yh\u00e4 hyshys lennonjohtoon. Kohta n\u00e4hd\u00e4\u00e4n,\nmik\u00e4 siell\u00e4 odottaa, joka tapauksessa. Yritt\u00e4k\u00e4\u00e4 nukkua, voi\nolla, ett\u00e4 l\u00e4hemp\u00e4n\u00e4 pit\u00e4\u00e4 keksi\u00e4 jotain aika nopeasti\u201d,\nHeike jatkoi.<\/p>\n\n\n\n<p>\n\u201dMin\u00e4 voin auttaa\u201d, Reed sanoi\nja virnisti. \u201dMinulla on ne dronet mukana. Kyll\u00e4 niist\u00e4 v\u00e4hint\u00e4\u00e4n\nh\u00e4iri\u00f6n ja h\u00e4mmingin tuottamiseen on, jos aluksesta ulos\np\u00e4\u00e4seminen tuottaa\u2026 vaikeuksia.\u201d<\/p>\n\n\n\n<p>\n\u201dKuulostaa l\u00e4hes tulkoon\nsunnitelmalta, kunhan vaan saadaan alus lennetty\u00e4 hangaariin\u201d,\nLinn sanoi.<\/p>\n\n\n\n<p> \u201dJos ne ei suostu avaamaan ovea, mit\u00e4 sitten? Koputetaan?\u201d Thean \u00e4\u00e4nens\u00e4vy oli turhankin piikik\u00e4s, jos ei ollut mit\u00e4\u00e4n rakentavaa sanottavaa, voisi mieluummin olla hiljaa.<\/p>\n\n\n\n<p> \u201dKyll\u00e4 ne suostuu\u2026 tavalla tai toisella.\u201d Heike ryk\u00e4isi. \u201dMinulla on pieni aavistus, mit\u00e4 voidaan tehd\u00e4. Jos homma menee siihen.\u201d<\/p>\n\n\n\n<p> Katsoimme kaikki kapteenia, joka selv\u00e4sti ei halunnut sanoa sen enemp\u00e4\u00e4.<\/p>\n\n\n\n<p>\n\u201dHus hus! Kyll\u00e4 me saadaan Reed\nperille, ei h\u00e4t\u00e4\u00e4.\u201d<\/p>\n\n\n\n<p>\nHeike p\u00e4\u00e4sti meid\u00e4t l\u00e4htem\u00e4\u00e4n\nyhdell\u00e4 k\u00e4denheilautuksella. Vilkaisin Joshiin, joka ny\u00f6kk\u00e4si. \n<\/p>\n\n\n\n<p> \u201dEik\u00f6h\u00e4n me osata taas improvisoida. Nyt on jo kokemustakin.\u201d<\/p>\n\n\n\n<p><a href=\"http:\/\/www.karikari.fi\/?page_id=5063\">Edellinen luku<\/a> &#8211; <a href=\"http:\/\/www.karikari.fi\/?page_id=5066\">Seuraava luku<\/a><\/p>\n","protected":false},"excerpt":{"rendered":"<p>Lentovuoroni j\u00e4lkeen en pystynyt menem\u00e4\u00e4n nukkumaan, vaan halusin odottaa S\u00e4\u00e4ti\u00f6n paljastusta, mik\u00e4 se sitten olisikin. Menin tapojeni vastaisesti miehist\u00f6n yhteistilaan. Siell\u00e4 ei vaikuttanut olevan mitenk\u00e4\u00e4n erityinen tai j\u00e4nnittynyt tunnelma, vaan kaikki oli aivan tavallista. Joku oli kiinnitt\u00e4nyt sein\u00e4lle paperijulisteen Avaruuskoalition alkuvuosilta, typografia oli hellyytt\u00e4v\u00e4n vanhanaikaista. Kiersin shakkia pelaavan parin ja \u00e4\u00e4nekk\u00e4\u00e4sti \u00e4lylaitteilta videoita katsovan porukan [&hellip;]<\/p>\n","protected":false},"author":5,"featured_media":0,"parent":5054,"menu_order":8,"comment_status":"closed","ping_status":"closed","template":"","meta":{"footnotes":""},"class_list":["post-5065","page","type-page","status-publish","hentry","post-preview"],"_links":{"self":[{"href":"https:\/\/www.karikari.fi\/index.php?rest_route=\/wp\/v2\/pages\/5065","targetHints":{"allow":["GET"]}}],"collection":[{"href":"https:\/\/www.karikari.fi\/index.php?rest_route=\/wp\/v2\/pages"}],"about":[{"href":"https:\/\/www.karikari.fi\/index.php?rest_route=\/wp\/v2\/types\/page"}],"author":[{"embeddable":true,"href":"https:\/\/www.karikari.fi\/index.php?rest_route=\/wp\/v2\/users\/5"}],"replies":[{"embeddable":true,"href":"https:\/\/www.karikari.fi\/index.php?rest_route=%2Fwp%2Fv2%2Fcomments&post=5065"}],"version-history":[{"count":0,"href":"https:\/\/www.karikari.fi\/index.php?rest_route=\/wp\/v2\/pages\/5065\/revisions"}],"up":[{"embeddable":true,"href":"https:\/\/www.karikari.fi\/index.php?rest_route=\/wp\/v2\/pages\/5054"}],"wp:attachment":[{"href":"https:\/\/www.karikari.fi\/index.php?rest_route=%2Fwp%2Fv2%2Fmedia&parent=5065"}],"curies":[{"name":"wp","href":"https:\/\/api.w.org\/{rel}","templated":true}]}}